{"id":53,"date":"2018-02-26T20:59:13","date_gmt":"2018-02-26T19:59:13","guid":{"rendered":"https:\/\/wp.pflege.leicht\/?page_id=53"},"modified":"2020-05-06T18:11:26","modified_gmt":"2020-05-06T16:11:26","slug":"home","status":"publish","type":"page","link":"https:\/\/pflege-leicht.berlin\/","title":{"rendered":"Herzlich Willkommen bei Pflege-Leicht &#8211; Ihre ambulante Hauskrankenpflege in Berlin Neuk\u00f6lln"},"content":{"rendered":"<p>Herzlich Willkommen bei Pflege-Leicht &#8211; Ihre ambulante Hauskrankenpflege in Berlin Neuk\u00f6lln<\/p>\n<p>Der ambulante Pflegedienst &#8222;Pflege-Leicht&#8220; wurde 1986 als &#8222;Einrichtung f\u00fcr Hauskrankenpflege&#8220; in Neuk\u00f6lln gegr\u00fcndet und ist in Berlin seit Jahren ein fester Begriff f\u00fcr qualifizierte ambulante Betreuung von Patienten und deren Angeh\u00f6rige.<\/p>\n<p>Seit 2017 firmieren wir als<\/p>\n<p>Pflege-Leicht Hauskrankenpflege GmbH<\/p>\n<p>Wir haben es uns zum Ziel gemacht, kranke und pflegebed\u00fcrftige Menschen bei der Bew\u00e4ltigung ihres Alltags zu unterst\u00fctzen. Durch unsere Arbeit m\u00f6chten wir Ihre Selbst\u00e4ndigkeit m\u00f6glichst lange erhalten und Ihre vorhandenen F\u00e4higkeiten f\u00f6rdern.<\/p>\n","protected":false},"excerpt":{"rendered":"<p>Herzlich Willkommen bei Pflege-Leicht &#8211; Ihre ambulante Hauskrankenpflege in Berlin Neuk\u00f6lln Der ambulante Pflegedienst &#8222;Pflege-Leicht&#8220; wurde 1986 als &#8222;Einrichtung f\u00fcr Hauskrankenpflege&#8220; in Neuk\u00f6lln gegr\u00fcndet und ist in Berlin seit Jahren ein fester Begriff f\u00fcr qualifizierte ambulante Betreuung von Patienten und deren Angeh\u00f6rige. Seit 2017 firmieren wir als Pflege-Leicht Hauskrankenpflege GmbH Wir haben es uns zum &hellip; <\/p>\n<p class=\"link-more\"><a href=\"https:\/\/pflege-leicht.berlin\/\" class=\"more-link\"><span class=\"screen-reader-text\">\u201eHerzlich Willkommen bei Pflege-Leicht &#8211; Ihre ambulante Hauskrankenpflege in Berlin Neuk\u00f6lln\u201c <\/span>weiterlesen<\/a><\/p>\n","protected":false},"author":2,"featured_media":362,"parent":0,"menu_order":0,"comment_status":"closed","ping_status":"closed","template":"","meta":{"footnotes":""},"class_list":["post-53","page","type-page","status-publish","has-post-thumbnail","hentry"],"_links":{"self":[{"href":"https:\/\/pflege-leicht.berlin\/index.php?rest_route=\/wp\/v2\/pages\/53","targetHints":{"allow":["GET"]}}],"collection":[{"href":"https:\/\/pflege-leicht.berlin\/index.php?rest_route=\/wp\/v2\/pages"}],"about":[{"href":"https:\/\/pflege-leicht.berlin\/index.php?rest_route=\/wp\/v2\/types\/page"}],"author":[{"embeddable":true,"href":"https:\/\/pflege-leicht.berlin\/index.php?rest_route=\/wp\/v2\/users\/2"}],"replies":[{"embeddable":true,"href":"https:\/\/pflege-leicht.berlin\/index.php?rest_route=%2Fwp%2Fv2%2Fcomments&post=53"}],"version-history":[{"count":9,"href":"https:\/\/pflege-leicht.berlin\/index.php?rest_route=\/wp\/v2\/pages\/53\/revisions"}],"predecessor-version":[{"id":375,"href":"https:\/\/pflege-leicht.berlin\/index.php?rest_route=\/wp\/v2\/pages\/53\/revisions\/375"}],"wp:featuredmedia":[{"embeddable":true,"href":"https:\/\/pflege-leicht.berlin\/index.php?rest_route=\/wp\/v2\/media\/362"}],"wp:attachment":[{"href":"https:\/\/pflege-leicht.berlin\/index.php?rest_route=%2Fwp%2Fv2%2Fmedia&parent=53"}],"curies":[{"name":"wp","href":"https:\/\/api.w.org\/{rel}","templated":true}]}}